{"id":9767,"date":"2020-05-25T13:48:45","date_gmt":"2020-05-25T11:48:45","guid":{"rendered":"https:\/\/www.tiefenbacher-insolvenzverwaltung.de\/?page_id=9767"},"modified":"2020-05-25T16:52:45","modified_gmt":"2020-05-25T14:52:45","slug":"press-releases","status":"publish","type":"page","link":"https:\/\/www.tiefenbacher-insolvenzverwaltung.de\/en\/news\/press-releases\/","title":{"rendered":"PRESS RELEASES"},"content":{"rendered":"\t\t<div data-elementor-type=\"wp-page\" data-elementor-id=\"9767\" class=\"elementor elementor-9767 elementor-6913\" data-elementor-post-type=\"page\">\n\t\t\t\t\t\t<section class=\"elementor-section elementor-top-section elementor-element elementor-element-84c347b elementor-section-boxed elementor-section-height-default elementor-section-height-default\" data-id=\"84c347b\" data-element_type=\"section\">\n\t\t\t\t\t\t<div class=\"elementor-container elementor-column-gap-default\">\n\t\t\t\t\t<div class=\"elementor-column elementor-col-100 elementor-top-column elementor-element elementor-element-5fcc4b4\" data-id=\"5fcc4b4\" data-element_type=\"column\">\n\t\t\t<div class=\"elementor-widget-wrap elementor-element-populated\">\n\t\t\t\t\t\t<div class=\"elementor-element elementor-element-34438a2 elementor-widget elementor-widget-spacer\" data-id=\"34438a2\" data-element_type=\"widget\" data-widget_type=\"spacer.default\">\n\t\t\t\t<div class=\"elementor-widget-container\">\n\t\t\t<style>\/*! elementor - v3.21.0 - 08-05-2024 *\/\n.elementor-column .elementor-spacer-inner{height:var(--spacer-size)}.e-con{--container-widget-width:100%}.e-con-inner>.elementor-widget-spacer,.e-con>.elementor-widget-spacer{width:var(--container-widget-width,var(--spacer-size));--align-self:var(--container-widget-align-self,initial);--flex-shrink:0}.e-con-inner>.elementor-widget-spacer>.elementor-widget-container,.e-con>.elementor-widget-spacer>.elementor-widget-container{height:100%;width:100%}.e-con-inner>.elementor-widget-spacer>.elementor-widget-container>.elementor-spacer,.e-con>.elementor-widget-spacer>.elementor-widget-container>.elementor-spacer{height:100%}.e-con-inner>.elementor-widget-spacer>.elementor-widget-container>.elementor-spacer>.elementor-spacer-inner,.e-con>.elementor-widget-spacer>.elementor-widget-container>.elementor-spacer>.elementor-spacer-inner{height:var(--container-widget-height,var(--spacer-size))}.e-con-inner>.elementor-widget-spacer.elementor-widget-empty,.e-con>.elementor-widget-spacer.elementor-widget-empty{position:relative;min-height:22px;min-width:22px}.e-con-inner>.elementor-widget-spacer.elementor-widget-empty .elementor-widget-empty-icon,.e-con>.elementor-widget-spacer.elementor-widget-empty .elementor-widget-empty-icon{position:absolute;top:0;bottom:0;left:0;right:0;margin:auto;padding:0;width:22px;height:22px}<\/style>\t\t<div class=\"elementor-spacer\">\n\t\t\t<div class=\"elementor-spacer-inner\"><\/div>\n\t\t<\/div>\n\t\t\t\t<\/div>\n\t\t\t\t<\/div>\n\t\t\t\t<div class=\"elementor-element elementor-element-ef9dcf0 elementor-widget elementor-widget-heading\" data-id=\"ef9dcf0\" data-element_type=\"widget\" data-widget_type=\"heading.default\">\n\t\t\t\t<div class=\"elementor-widget-container\">\n\t\t\t<style>\/*! elementor - v3.21.0 - 08-05-2024 *\/\n.elementor-heading-title{padding:0;margin:0;line-height:1}.elementor-widget-heading .elementor-heading-title[class*=elementor-size-]>a{color:inherit;font-size:inherit;line-height:inherit}.elementor-widget-heading .elementor-heading-title.elementor-size-small{font-size:15px}.elementor-widget-heading .elementor-heading-title.elementor-size-medium{font-size:19px}.elementor-widget-heading .elementor-heading-title.elementor-size-large{font-size:29px}.elementor-widget-heading .elementor-heading-title.elementor-size-xl{font-size:39px}.elementor-widget-heading .elementor-heading-title.elementor-size-xxl{font-size:59px}<\/style><h1 class=\"elementor-heading-title elementor-size-default\">Press releases<\/h1>\t\t<\/div>\n\t\t\t\t<\/div>\n\t\t\t\t\t<\/div>\n\t\t<\/div>\n\t\t\t\t\t<\/div>\n\t\t<\/section>\n\t\t\t\t<section class=\"elementor-section elementor-top-section elementor-element elementor-element-3c20fd1 elementor-section-boxed elementor-section-height-default elementor-section-height-default\" data-id=\"3c20fd1\" data-element_type=\"section\">\n\t\t\t\t\t\t<div class=\"elementor-container elementor-column-gap-default\">\n\t\t\t\t\t<div class=\"elementor-column elementor-col-100 elementor-top-column elementor-element elementor-element-75cc10a\" data-id=\"75cc10a\" data-element_type=\"column\">\n\t\t\t<div class=\"elementor-widget-wrap elementor-element-populated\">\n\t\t\t\t\t\t<div class=\"elementor-element elementor-element-b8ba91a elementor-widget elementor-widget-text-editor\" data-id=\"b8ba91a\" data-element_type=\"widget\" data-widget_type=\"text-editor.default\">\n\t\t\t\t<div class=\"elementor-widget-container\">\n\t\t\t<style>\/*! elementor - v3.21.0 - 08-05-2024 *\/\n.elementor-widget-text-editor.elementor-drop-cap-view-stacked .elementor-drop-cap{background-color:#69727d;color:#fff}.elementor-widget-text-editor.elementor-drop-cap-view-framed .elementor-drop-cap{color:#69727d;border:3px solid;background-color:transparent}.elementor-widget-text-editor:not(.elementor-drop-cap-view-default) .elementor-drop-cap{margin-top:8px}.elementor-widget-text-editor:not(.elementor-drop-cap-view-default) .elementor-drop-cap-letter{width:1em;height:1em}.elementor-widget-text-editor .elementor-drop-cap{float:left;text-align:center;line-height:1;font-size:50px}.elementor-widget-text-editor .elementor-drop-cap-letter{display:inline-block}<\/style>\t\t\t\t<p><strong>Find our current publications here:<\/strong><\/p><p>23 March 2018, publication of a practical report on the sale of the Manschnow frozen food plant of BZ Foods 1 SE and the Frenzel brand to Farmers Land<br \/>Magazine: LP. Lebensmittel Praxis, issue 5\/2018<br \/>Publisher: LPV GmbH<br \/><a class=\"linkPdf\" title=\"LebensmittelPraxis Ausgabe 5\" href=\"https:\/\/www.tiefenbacher-insolvenzverwaltung.de\/downloads\/LP_Lebensmittelpraxis_Ausgabe_5_2018_Seite_62.pdf\" target=\"_blank\" rel=\"noopener\">LP_Lebensmittelpraxis_Ausgabe_5_2018_Seite_62.pdf<\/a><\/p><p>23 October 2017, practical report on the sale of the Manschnower frozen food plant of BZ Foods 1 SE and the Frenzel brand to Farmers Land<br \/><a class=\"linkPdf\" title=\"Praxisbericht Farmers Land Restart\" href=\"https:\/\/www.tiefenbacher-insolvenzverwaltung.de\/downloads\/Praxisbericht_Verkauf_BZ_Foods_1_SE_an_Farmers_Land.pdf\" target=\"_blank\" rel=\"noopener\">Praxisbericht_Verkauf_BZ_Foods_1_SE_an_Farmers_Land.pdf<\/a><\/p><p>The full publication can be found here: <a class=\"linkPdf\" title=\"Fachmagazin f\u00fcr Sanierung Restart\" href=\"https:\/\/www.tiefenbacher-insolvenzverwaltung.de\/downloads\/ANSICHT_171019_RESTART_1711.pdf\" target=\"_blank\" rel=\"noopener\">ANSICHT_171019_RESTART_1711.pdf<\/a><\/p><p>23 October 2017, field report by Frank-R\u00fcdiger Scheffler on crisis communication in large-scale proceedings &#8211; the Infinus Group as an example<br \/><a class=\"linkPdf\" title=\"Erfahrungsbericht Frank-R\u00fcdiger Scheffler zum Infinus Verfahren\" href=\"https:\/\/www.tiefenbacher-insolvenzverwaltung.de\/downloads\/Kommunikation_in_Grossverfahren_am_Beispiel_der_Infinus-Gruppe.pdf\" target=\"_blank\" rel=\"noopener\">Kommunikation_in_Grossverfahren_am_Beispiel_der_Infinus-Gruppe.pdf<\/a><\/p><p>17 June 2016, specialist report on the importance of targeted crisis communication in the proceedings by Frank-R\u00fcdiger Scheffler <a class=\"linkPdf\" title=\"Beitrag Krisenkommunikation \" href=\"https:\/\/www.tiefenbacher-insolvenzverwaltung.de\/downloads\/Beitrag_Krisenkommunikation.pdf\" target=\"_blank\" rel=\"noopener\">Beitrag_Krisenkommunikation.pdf<\/a><\/p><p>4 January 2016, specialist report on the protective shielding process by Dr Nils Freudenberg in the specialist magazine for restructuring &#8220;Restart&#8221; <a class=\"linkPdf\" href=\"https:\/\/www.tiefenbacher-insolvenzverwaltung.de\/downloads\/Fachbeitrag_Schutzschirmverfahren_Restart.pdf\" target=\"_blank\" rel=\"noopener\">\u00a0Fachbeitrag_Schutzschirmverfahren_Restart.pdf<\/a><\/p><p>15 April 2015, Finance-Magazin Online reports on the \u201cInfinus Scandal: A lesson in crisis communication: <a class=\"linkExt\" href=\"http:\/\/www.finance-magazin.de\/strategie-effizienz\/unternehmensstrategie\/infinus-skandal-ein-lehrstueck-fuer-die-krisenkommunikation-1342019\/\" target=\"_blank\" rel=\"noopener\">http:\/\/www.finance-magazin.de\/strategie-effizienz\/unternehmensstrategie\/infinus-skandal-ein-lehrstueck-fuer-die-krisenkommunikation-1342019\/<\/a><\/p><p>23 October 2014, INDAT magazine, report \u201cInfinus Insolvency: Real estate of the Prosavus Group generates EUR 48 million: <a class=\"linkPdf\" href=\"https:\/\/www.tiefenbacher-insolvenzverwaltung.de\/downloads\/Infinus_Insolvenz_INDAT.pdf\" target=\"_blank\" rel=\"noopener\">Infinus_Insolvenz_INDAT.pdf<\/a><\/p><p>October 2014, press review of the Prosavus insolvency proceedings, press articles from DNN, Mopo, BILD and S\u00e4chsische Zeitung<br \/><a class=\"linkPdf\" href=\"https:\/\/www.tiefenbacher-insolvenzverwaltung.de\/downloads\/20141006_DNN_ProSavus_Titel_02.pdf\" target=\"_blank\" rel=\"noopener\">20141006_DNN_ProSavus_Titel_02.pdf<\/a><br \/><a class=\"linkPdf\" href=\"https:\/\/www.tiefenbacher-insolvenzverwaltung.de\/downloads\/20141006_DNN_ProSavus_02.pdf\" target=\"_blank\" rel=\"noopener\">20141006_DNN_ProSavus_02.pdf<\/a><br \/><a class=\"linkPdf\" href=\"https:\/\/www.tiefenbacher-insolvenzverwaltung.de\/downloads\/20141006_MoPoDD_ProSavus_Titel_02.pdf\" target=\"_blank\" rel=\"noopener\">20141006_MoPoDD_ProSavus_Titel_02.pdf<\/a><br \/><a class=\"linkPdf\" href=\"https:\/\/www.tiefenbacher-insolvenzverwaltung.de\/downloads\/20141006_MoPoDD_ProSavus_02.pdf\" target=\"_blank\" rel=\"noopener\">20141006_MoPoDD_ProSavus_02.pdf<\/a><br \/><a class=\"linkPdf\" href=\"https:\/\/www.tiefenbacher-insolvenzverwaltung.de\/downloads\/20141006_Pressebericht_ProSavus_02.pdf\" target=\"_blank\" rel=\"noopener\">20141006_Pressebericht_ProSavus_02.pdf<\/a><br \/><a class=\"linkPdf\" href=\"https:\/\/www.tiefenbacher-insolvenzverwaltung.de\/downloads\/20141006_SZDD_ProSavus_Titel_02.pdf\" target=\"_blank\" rel=\"noopener\">20141006_SZDD_ProSavus_Titel_02.pdf<\/a><br \/><a class=\"linkPdf\" href=\"https:\/\/www.tiefenbacher-insolvenzverwaltung.de\/downloads\/20141006_SZDD_ProSavus_02.pdf\" target=\"_blank\" rel=\"noopener\">20141006_SZDD_ProSavus_02.pdf<\/a><\/p><p>September 2014, interview with Frank-R\u00fcdiger Scheffler about the current opportunities for medium-sized companies in times of crisis in the specialist magazine for restructuring &#8220;Restart&#8221;: <a class=\"linkPdf\" href=\"https:\/\/www.tiefenbacher-insolvenzverwaltung.de\/downloads\/Restart_2014_Das_Fachmagazin_fuer_Sanierung_im_Mittelstand.pdf\" target=\"_blank\" rel=\"noopener\">Restart_2014_Das_Fachmagazin_fuer_Sanierung_im_Mittelstand.pdf<\/a><\/p><p>18 June 2014, Th\u00fcringer Allgemeine, Gattner insolvency: Gattner Metallbau is sold. All jobs are preserved. Insolvency administrator Marcello Di Stefano is satisfied: <a class=\"linkExt\" href=\"http:\/\/www.thueringer-allgemeine.de\/web\/zgt\/wirtschaft\/detail\/-\/specific\/Leinefelder-Firma-Gattner-ist-verkauft-Mitarbeiter-sollen-uebernommen-werden-2085195587\" target=\"_blank\" rel=\"noopener\">http:\/\/www.thueringer-allgemeine.de\/web\/zgt\/wirtschaft\/detail\/-\/specific\/Leinefelder-Firma-Gattner-ist-verkauft-Mitarbeiter-sollen-uebernommen-werden-2085195587<\/a><\/p><p>16 May 2014, Freie Presse, Filtrak takes over insolvent Erzgebirge rubber industry business (Ergumi GmbH) W\u00fcnschendorf &#8211; Dr Nils Freudenberg finds a quick solution: <a class=\"linkPdf\" href=\"https:\/\/www.tiefenbacher-insolvenzverwaltung.de\/downloads\/Filtrak_Freie_Presse_Mai_2014.pdf\" target=\"_blank\" rel=\"noopener\">Filtrak_Freie_Presse_Mai_2014.pdf<\/a><\/p><p>23 July 2013, Th\u00fcringer Allgemeine, several parties interested in Gattner in Leinefelde &#8211; insolvency with prospects of success: <a class=\"linkExt\" href=\"http:\/\/www.thueringer-allgemeine.de\/startseite\/detail\/-\/specific\/Mehrere-Interessenten-fuer-Gattner-in-Leinefelde-Insolvenz-mit-Erfolgsaussicht-794372118\" target=\"_blank\" rel=\"noopener\">http:\/\/www.thueringer-allgemeine.de\/startseite\/detail\/-\/specific\/Mehrere-Interessenten-fuer-Gattner-in-Leinefelde-Insolvenz-mit-Erfolgsaussicht-794372118<\/a><\/p><p>April 2011, press review on the continuation of Frenzel Tiefk\u00fchlkost, press articles from DNN, BILD, D\u00f6belner Allgemeine Zeitung, dpa-AFX Wirtschaftsnachrichten, FAZ, Freie Presse, M\u00e4rkische Oderzeitung, Mitteldeutsche Zeitung, Oschatzer Allgemeine, S\u00e4chsische Zeitung, Schweriner Volkszeitung<br \/><a class=\"linkPdf\" href=\"https:\/\/www.tiefenbacher-insolvenzverwaltung.de\/downloads\/110218_DNN-Tiefkuehlkost_Frenzel.pdf\" target=\"_blank\" rel=\"noopener\">110218_DNN-Tiefkuehlkost_Frenzel.pdf<\/a><br \/><a class=\"linkPdf\" href=\"https:\/\/www.tiefenbacher-insolvenzverwaltung.de\/downloads\/110318_Bild-Neustart-bei_TiefkuehlFrenzel.pdf\" target=\"_blank\" rel=\"noopener\">110318_Bild-Neustart-bei_TiefkuehlFrenzel.pdf<\/a><br \/><a class=\"linkPdf\" href=\"https:\/\/www.tiefenbacher-insolvenzverwaltung.de\/downloads\/110318_DobelnerAllgemeine-FrenzelWerk_verkauft.pdf\" target=\"_blank\" rel=\"noopener\">110318_DobelnerAllgemeine-FrenzelWerk_verkauft.pdf<\/a><br \/><a class=\"linkPdf\" href=\"https:\/\/www.tiefenbacher-insolvenzverwaltung.de\/downloads\/110318_DobelnerAllgemeine-KTG_kauft_Thueringer_Frenzel.pdf\" target=\"_blank\" rel=\"noopener\">110318_DobelnerAllgemeine-KTG_kauft_Thueringer_Frenzel.pdf<\/a><br \/><a class=\"linkPdf\" href=\"https:\/\/www.tiefenbacher-insolvenzverwaltung.de\/downloads\/110318_DobelnerAllgemeine-Ohne_Wunder_gehen_Lichter.pdf\" target=\"_blank\" rel=\"noopener\">110318_DobelnerAllgemeine-Ohne_Wunder_gehen_Lichter.pdf<\/a><br \/><a class=\"linkPdf\" href=\"https:\/\/www.tiefenbacher-insolvenzverwaltung.de\/downloads\/110318_DobelnerAnzeiger-Bei_Frenzel_gehen_die_Lich.pdf\" target=\"_blank\" rel=\"noopener\">110318_DobelnerAnzeiger-Bei_Frenzel_gehen_die_Lich.pdf<\/a><br \/><a class=\"linkPdf\" href=\"https:\/\/www.tiefenbacher-insolvenzverwaltung.de\/downloads\/110318_dpa-afx-KTG_Agrar_AG.pdf\" target=\"_blank\" rel=\"noopener\">110318_dpa-afx-KTG_Agrar_AG.pdf<\/a><br \/><a class=\"linkPdf\" href=\"https:\/\/www.tiefenbacher-insolvenzverwaltung.de\/downloads\/110318_FAZ-Frenzel_kuehlt_wieder.pdf\" target=\"_blank\" rel=\"noopener\">110318_FAZ-Frenzel_kuehlt_wieder.pdf<\/a><br \/><a class=\"linkPdf\" href=\"https:\/\/www.tiefenbacher-insolvenzverwaltung.de\/downloads\/110318_FreiePresse-Frenzel_steht_offenbar.pdf\" target=\"_blank\" rel=\"noopener\">110318_FreiePresse-Frenzel_steht_offenbar.pdf<\/a><br \/><a class=\"linkPdf\" href=\"https:\/\/www.tiefenbacher-insolvenzverwaltung.de\/downloads\/110318_MarkischeOderzeitung-Frenzel_produziert.pdf\" target=\"_blank\" rel=\"noopener\">110318_MarkischeOderzeitung-Frenzel_produziert.pdf<\/a><br \/><a class=\"linkPdf\" href=\"https:\/\/www.tiefenbacher-insolvenzverwaltung.de\/downloads\/110318_MarkischeOderzeitung-FrenzelSchwesterwerk.pdf\" target=\"_blank\" rel=\"noopener\">110318_MarkischeOderzeitung-FrenzelSchwesterwerk.pdf<\/a><br \/><a class=\"linkPdf\" href=\"https:\/\/www.tiefenbacher-insolvenzverwaltung.de\/downloads\/110318_MitteldeutscheZeitung-TIEFKUHLKOST_Frenzel.pdf\" target=\"_blank\" rel=\"noopener\">110318_MitteldeutscheZeitung-TIEFKUHLKOST_Frenzel.pdf<\/a><br \/><a class=\"linkPdf\" href=\"https:\/\/www.tiefenbacher-insolvenzverwaltung.de\/downloads\/110318_OschatzerAllgemeine-Frenzel_Tiefkuehlkost.pdf\" target=\"_blank\" rel=\"noopener\">110318_OschatzerAllgemeine-Frenzel_Tiefkuehlkost.pdf<\/a><br \/><a class=\"linkPdf\" href=\"https:\/\/www.tiefenbacher-insolvenzverwaltung.de\/downloads\/110318_SachsischeZeitung-Tiefkuehlkost_Frenzel.pdf\" target=\"_blank\" rel=\"noopener\">110318_SachsischeZeitung-Tiefkuehlkost_Frenzel.pdf<\/a><br \/><a class=\"linkPdf\" href=\"https:\/\/www.tiefenbacher-insolvenzverwaltung.de\/downloads\/110318_SchwerinerVolkszeitung-Insolvente_Tiefkuehlkostfirma.pdf\" target=\"_blank\" rel=\"noopener\">110318_SchwerinerVolkszeitung-Insolvente_Tiefkuehlkostfirma.pdf<\/a><\/p><p>7 September 2010, Freie Presse, future of insolvent limited company to be decided in the autumn: <a class=\"linkPdf\" href=\"https:\/\/www.tiefenbacher-insolvenzverwaltung.de\/downloads\/Fala_Freie_Presse.pdf\" target=\"_blank\" rel=\"noopener\">Fala_Freie_Presse.pdf<\/a><\/p>\t\t\t\t\t\t<\/div>\n\t\t\t\t<\/div>\n\t\t\t\t\t<\/div>\n\t\t<\/div>\n\t\t\t\t\t<\/div>\n\t\t<\/section>\n\t\t\t\t<\/div>\n\t\t","protected":false},"excerpt":{"rendered":"<p>Press releases Find our current publications here: 23 March 2018, publication of a practical report on the sale of the Manschnow frozen food plant of&hellip;<\/p>\n","protected":false},"author":2,"featured_media":0,"parent":9633,"menu_order":0,"comment_status":"closed","ping_status":"closed","template":"","meta":{"footnotes":""},"yoast_head":"<!-- This site is optimized with the Yoast SEO plugin v22.7 - https:\/\/yoast.com\/wordpress\/plugins\/seo\/ -->\n<title>PRESS RELEASES - Tiefenbacher Insolvenzverwaltung<\/title>\n<meta name=\"robots\" content=\"index, follow, max-snippet:-1, max-image-preview:large, max-video-preview:-1\" \/>\n<link rel=\"canonical\" href=\"https:\/\/www.tiefenbacher-insolvenzverwaltung.de\/en\/news\/press-releases\/\" \/>\n<meta property=\"og:locale\" content=\"en_US\" \/>\n<meta property=\"og:type\" content=\"article\" \/>\n<meta property=\"og:title\" content=\"PRESS RELEASES - Tiefenbacher Insolvenzverwaltung\" \/>\n<meta property=\"og:description\" content=\"Press releases Find our current publications here: 23 March 2018, publication of a practical report on the sale of the Manschnow frozen food plant of&hellip;\" \/>\n<meta property=\"og:url\" content=\"https:\/\/www.tiefenbacher-insolvenzverwaltung.de\/en\/news\/press-releases\/\" \/>\n<meta property=\"og:site_name\" content=\"Tiefenbacher Insolvenzverwaltung\" \/>\n<meta property=\"article:modified_time\" content=\"2020-05-25T14:52:45+00:00\" \/>\n<meta name=\"twitter:card\" content=\"summary_large_image\" \/>\n<meta name=\"twitter:label1\" content=\"Est. reading time\" \/>\n\t<meta name=\"twitter:data1\" content=\"2 minutes\" \/>\n<script type=\"application\/ld+json\" class=\"yoast-schema-graph\">{\"@context\":\"https:\/\/schema.org\",\"@graph\":[{\"@type\":\"WebPage\",\"@id\":\"https:\/\/www.tiefenbacher-insolvenzverwaltung.de\/en\/news\/press-releases\/\",\"url\":\"https:\/\/www.tiefenbacher-insolvenzverwaltung.de\/en\/news\/press-releases\/\",\"name\":\"PRESS RELEASES - Tiefenbacher Insolvenzverwaltung\",\"isPartOf\":{\"@id\":\"https:\/\/www.tiefenbacher-insolvenzverwaltung.de\/en\/#website\"},\"datePublished\":\"2020-05-25T11:48:45+00:00\",\"dateModified\":\"2020-05-25T14:52:45+00:00\",\"breadcrumb\":{\"@id\":\"https:\/\/www.tiefenbacher-insolvenzverwaltung.de\/en\/news\/press-releases\/#breadcrumb\"},\"inLanguage\":\"en-US\",\"potentialAction\":[{\"@type\":\"ReadAction\",\"target\":[\"https:\/\/www.tiefenbacher-insolvenzverwaltung.de\/en\/news\/press-releases\/\"]}]},{\"@type\":\"BreadcrumbList\",\"@id\":\"https:\/\/www.tiefenbacher-insolvenzverwaltung.de\/en\/news\/press-releases\/#breadcrumb\",\"itemListElement\":[{\"@type\":\"ListItem\",\"position\":1,\"name\":\"Startseite\",\"item\":\"https:\/\/www.tiefenbacher-insolvenzverwaltung.de\/en\/\"},{\"@type\":\"ListItem\",\"position\":2,\"name\":\"News\",\"item\":\"https:\/\/www.tiefenbacher-insolvenzverwaltung.de\/en\/news\/\"},{\"@type\":\"ListItem\",\"position\":3,\"name\":\"PRESS RELEASES\"}]},{\"@type\":\"WebSite\",\"@id\":\"https:\/\/www.tiefenbacher-insolvenzverwaltung.de\/en\/#website\",\"url\":\"https:\/\/www.tiefenbacher-insolvenzverwaltung.de\/en\/\",\"name\":\"Tiefenbacher Insolvenzverwaltung\",\"description\":\"Eine weitere WordPress-Website\",\"potentialAction\":[{\"@type\":\"SearchAction\",\"target\":{\"@type\":\"EntryPoint\",\"urlTemplate\":\"https:\/\/www.tiefenbacher-insolvenzverwaltung.de\/en\/?s={search_term_string}\"},\"query-input\":\"required name=search_term_string\"}],\"inLanguage\":\"en-US\"}]}<\/script>\n<!-- \/ Yoast SEO plugin. -->","yoast_head_json":{"title":"PRESS RELEASES - Tiefenbacher Insolvenzverwaltung","robots":{"index":"index","follow":"follow","max-snippet":"max-snippet:-1","max-image-preview":"max-image-preview:large","max-video-preview":"max-video-preview:-1"},"canonical":"https:\/\/www.tiefenbacher-insolvenzverwaltung.de\/en\/news\/press-releases\/","og_locale":"en_US","og_type":"article","og_title":"PRESS RELEASES - Tiefenbacher Insolvenzverwaltung","og_description":"Press releases Find our current publications here: 23 March 2018, publication of a practical report on the sale of the Manschnow frozen food plant of&hellip;","og_url":"https:\/\/www.tiefenbacher-insolvenzverwaltung.de\/en\/news\/press-releases\/","og_site_name":"Tiefenbacher Insolvenzverwaltung","article_modified_time":"2020-05-25T14:52:45+00:00","twitter_card":"summary_large_image","twitter_misc":{"Est. reading time":"2 minutes"},"schema":{"@context":"https:\/\/schema.org","@graph":[{"@type":"WebPage","@id":"https:\/\/www.tiefenbacher-insolvenzverwaltung.de\/en\/news\/press-releases\/","url":"https:\/\/www.tiefenbacher-insolvenzverwaltung.de\/en\/news\/press-releases\/","name":"PRESS RELEASES - Tiefenbacher Insolvenzverwaltung","isPartOf":{"@id":"https:\/\/www.tiefenbacher-insolvenzverwaltung.de\/en\/#website"},"datePublished":"2020-05-25T11:48:45+00:00","dateModified":"2020-05-25T14:52:45+00:00","breadcrumb":{"@id":"https:\/\/www.tiefenbacher-insolvenzverwaltung.de\/en\/news\/press-releases\/#breadcrumb"},"inLanguage":"en-US","potentialAction":[{"@type":"ReadAction","target":["https:\/\/www.tiefenbacher-insolvenzverwaltung.de\/en\/news\/press-releases\/"]}]},{"@type":"BreadcrumbList","@id":"https:\/\/www.tiefenbacher-insolvenzverwaltung.de\/en\/news\/press-releases\/#breadcrumb","itemListElement":[{"@type":"ListItem","position":1,"name":"Startseite","item":"https:\/\/www.tiefenbacher-insolvenzverwaltung.de\/en\/"},{"@type":"ListItem","position":2,"name":"News","item":"https:\/\/www.tiefenbacher-insolvenzverwaltung.de\/en\/news\/"},{"@type":"ListItem","position":3,"name":"PRESS RELEASES"}]},{"@type":"WebSite","@id":"https:\/\/www.tiefenbacher-insolvenzverwaltung.de\/en\/#website","url":"https:\/\/www.tiefenbacher-insolvenzverwaltung.de\/en\/","name":"Tiefenbacher Insolvenzverwaltung","description":"Eine weitere WordPress-Website","potentialAction":[{"@type":"SearchAction","target":{"@type":"EntryPoint","urlTemplate":"https:\/\/www.tiefenbacher-insolvenzverwaltung.de\/en\/?s={search_term_string}"},"query-input":"required name=search_term_string"}],"inLanguage":"en-US"}]}},"_links":{"self":[{"href":"https:\/\/www.tiefenbacher-insolvenzverwaltung.de\/en\/wp-json\/wp\/v2\/pages\/9767"}],"collection":[{"href":"https:\/\/www.tiefenbacher-insolvenzverwaltung.de\/en\/wp-json\/wp\/v2\/pages"}],"about":[{"href":"https:\/\/www.tiefenbacher-insolvenzverwaltung.de\/en\/wp-json\/wp\/v2\/types\/page"}],"author":[{"embeddable":true,"href":"https:\/\/www.tiefenbacher-insolvenzverwaltung.de\/en\/wp-json\/wp\/v2\/users\/2"}],"replies":[{"embeddable":true,"href":"https:\/\/www.tiefenbacher-insolvenzverwaltung.de\/en\/wp-json\/wp\/v2\/comments?post=9767"}],"version-history":[{"count":0,"href":"https:\/\/www.tiefenbacher-insolvenzverwaltung.de\/en\/wp-json\/wp\/v2\/pages\/9767\/revisions"}],"up":[{"embeddable":true,"href":"https:\/\/www.tiefenbacher-insolvenzverwaltung.de\/en\/wp-json\/wp\/v2\/pages\/9633"}],"wp:attachment":[{"href":"https:\/\/www.tiefenbacher-insolvenzverwaltung.de\/en\/wp-json\/wp\/v2\/media?parent=9767"}],"curies":[{"name":"wp","href":"https:\/\/api.w.org\/{rel}","templated":true}]}}